{"id":8,"date":"2020-02-01T15:34:07","date_gmt":"2020-02-01T15:34:07","guid":{"rendered":"https:\/\/chatapecka.cz\/?page_id=8"},"modified":"2020-08-18T12:19:14","modified_gmt":"2020-08-18T12:19:14","slug":"domu","status":"publish","type":"page","link":"https:\/\/chatapecka.cz\/","title":{"rendered":"domu"},"content":{"rendered":"<p>[vc_section][vc_row][vc_column]\n\t\t\t<!-- START Slider 1 REVOLUTION SLIDER 6.1.5 --><p class=\"rs-p-wp-fix\"><\/p>\n\t\t\t<rs-module-wrap id=\"rev_slider_1_1_wrapper\" data-source=\"gallery\" style=\"background:transparent;padding:0;margin:0px auto;margin-top:0;margin-bottom:0;\">\n\t\t\t\t<rs-module id=\"rev_slider_1_1\" style=\"display:none;\" data-version=\"6.1.5\">\n\t\t\t\t\t<rs-slides>\n\t\t\t\t\t\t<rs-slide data-key=\"rs-1\" data-title=\"Slide\" data-thumb=\"\/\/chatapecka.cz\/wp-content\/uploads\/2020\/06\/DSC_5012slider-e1597754119495.jpg\" data-anim=\"ei:d;eo:d;s:1000;r:0;t:fade;sl:0;\">\n\t\t\t\t\t\t\t<img src=\"\/\/chatapecka.cz\/wp-content\/uploads\/2020\/06\/DSC_5012slider-e1597754119495.jpg\" title=\"DSC_5012slider\" width=\"1872\" height=\"811\" class=\"rev-slidebg\" data-no-retina>\n<!---->\t\t\t\t\t\t<\/rs-slide>\n\t\t\t\t\t\t<rs-slide data-key=\"rs-36\" data-title=\"Slide\" data-thumb=\"\/\/chatapecka.cz\/wp-content\/uploads\/2020\/06\/DSC_5345.jpg\" data-anim=\"ei:d;eo:d;s:1000;r:0;t:fade;sl:0;\">\n\t\t\t\t\t\t\t<img src=\"\/\/chatapecka.cz\/wp-content\/uploads\/2020\/06\/DSC_5345.jpg\" title=\"DSC_5345\" width=\"1920\" height=\"1282\" class=\"rev-slidebg\" data-no-retina>\n<!---->\t\t\t\t\t\t<\/rs-slide>\n\t\t\t\t\t\t<rs-slide data-key=\"rs-37\" data-title=\"Slide\" data-thumb=\"\/\/chatapecka.cz\/wp-content\/uploads\/2020\/06\/DSC_5380.jpg\" data-anim=\"ei:d;eo:d;s:1000;r:0;t:fade;sl:0;\">\n\t\t\t\t\t\t\t<img src=\"\/\/chatapecka.cz\/wp-content\/uploads\/2020\/06\/DSC_5380.jpg\" title=\"DSC_5380\" width=\"1920\" height=\"1282\" class=\"rev-slidebg\" data-no-retina>\n<!---->\t\t\t\t\t\t<\/rs-slide>\n\t\t\t\t\t\t<rs-slide data-key=\"rs-76\" data-title=\"Slide\" data-thumb=\"\/\/chatapecka.cz\/wp-content\/uploads\/2020\/06\/DSC_5018.jpg\" data-anim=\"ei:d;eo:d;s:1000;r:0;t:fade;sl:0;\">\n\t\t\t\t\t\t\t<img src=\"\/\/chatapecka.cz\/wp-content\/uploads\/2020\/06\/DSC_5018.jpg\" title=\"DSC_5018\" width=\"1920\" height=\"1282\" class=\"rev-slidebg\" data-no-retina>\n<!---->\t\t\t\t\t\t<\/rs-slide>\n\t\t\t\t\t<\/rs-slides>\n\t\t\t\t\t<rs-progress class=\"rs-bottom\" style=\"visibility: hidden !important;\"><\/rs-progress>\n\t\t\t\t<\/rs-module>\n\t\t\t\t<script type=\"text\/javascript\">\n\t\t\t\t\tsetREVStartSize({c: 'rev_slider_1_1',rl:[1240,1024,778,480],el:[450,768,960,720],gw:[1240,1024,778,480],gh:[450,400,350,480],layout:'fullwidth',mh:\"0\"});\n\t\t\t\t\tvar\trevapi1,\n\t\t\t\t\t\ttpj;\n\t\t\t\t\tjQuery(function() {\n\t\t\t\t\t\ttpj = jQuery;\n\t\t\t\t\t\tif(tpj(\"#rev_slider_1_1\").revolution == undefined){\n\t\t\t\t\t\t\trevslider_showDoubleJqueryError(\"#rev_slider_1_1\");\n\t\t\t\t\t\t}else{\n\t\t\t\t\t\t\trevapi1 = tpj(\"#rev_slider_1_1\").show().revolution({\n\t\t\t\t\t\t\t\tjsFileLocation:\"\/\/chatapecka.cz\/wp-content\/plugins\/revslider\/public\/assets\/js\/\",\n\t\t\t\t\t\t\t\tsliderLayout:\"fullwidth\",\n\t\t\t\t\t\t\t\tvisibilityLevels:\"1240,1024,778,480\",\n\t\t\t\t\t\t\t\tgridwidth:\"1240,1024,778,480\",\n\t\t\t\t\t\t\t\tgridheight:\"450,400,350,480\",\n\t\t\t\t\t\t\t\tminHeight:\"\",\n\t\t\t\t\t\t\t\tspinner:\"spinner0\",\n\t\t\t\t\t\t\t\teditorheight:\"450,768,960,720\",\n\t\t\t\t\t\t\t\tresponsiveLevels:\"1240,1024,778,480\",\n\t\t\t\t\t\t\t\tdisableProgressBar:\"on\",\n\t\t\t\t\t\t\t\tnavigation: {\n\t\t\t\t\t\t\t\t\tonHoverStop:false,\n\t\t\t\t\t\t\t\t\tarrows: {\n\t\t\t\t\t\t\t\t\t\tenable:true,\n\t\t\t\t\t\t\t\t\t\tstyle:\"hesperiden\",\n\t\t\t\t\t\t\t\t\t\tleft: {\n\t\t\t\t\t\t\t\t\t\t\th_offset:30\n\t\t\t\t\t\t\t\t\t\t},\n\t\t\t\t\t\t\t\t\t\tright: {\n\t\t\t\t\t\t\t\t\t\t\th_offset:30\n\t\t\t\t\t\t\t\t\t\t}\n\t\t\t\t\t\t\t\t\t}\n\t\t\t\t\t\t\t\t},\n\t\t\t\t\t\t\t\tfallbacks: {\n\t\t\t\t\t\t\t\t\tallowHTML5AutoPlayOnAndroid:true\n\t\t\t\t\t\t\t\t},\n\t\t\t\t\t\t\t});\n\t\t\t\t\t\t}\n\t\t\t\t\t\t\n\t\t\t\t\t});\n\t\t\t\t<\/script>\n\t\t\t\t<script>\n\t\t\t\t\tvar htmlDivCss = unescape(\"%23rev_slider_1_1_wrapper%20.hesperiden.tparrows%20%7B%0A%09cursor%3Apointer%3B%0A%09background%3Argba%280%2C0%2C0%2C0.5%29%3B%0A%09width%3A40px%3B%0A%09height%3A40px%3B%0A%09position%3Aabsolute%3B%0A%09display%3Ablock%3B%0A%09z-index%3A1000%3B%0A%20%20%20%20border-radius%3A%2050%25%3B%0A%7D%0A%23rev_slider_1_1_wrapper%20.hesperiden.tparrows%3Ahover%20%7B%0A%09background%3A%23000000%3B%0A%7D%0A%23rev_slider_1_1_wrapper%20.hesperiden.tparrows%3Abefore%20%7B%0A%09font-family%3A%20%27revicons%27%3B%0A%09font-size%3A20px%3B%0A%09color%3A%23ffffff%3B%0A%09display%3Ablock%3B%0A%09line-height%3A%2040px%3B%0A%09text-align%3A%20center%3B%0A%7D%0A%23rev_slider_1_1_wrapper%20.hesperiden.tparrows.tp-leftarrow%3Abefore%20%7B%0A%09content%3A%20%27%5Ce82c%27%3B%0A%20%20%20%20margin-left%3A-3px%3B%0A%7D%0A%23rev_slider_1_1_wrapper%20.hesperiden.tparrows.tp-rightarrow%3Abefore%20%7B%0A%09content%3A%20%27%5Ce82d%27%3B%0A%20%20%20%20margin-right%3A-3px%3B%0A%7D%0A\");\n\t\t\t\t\tvar htmlDiv = document.getElementById('rs-plugin-settings-inline-css');\n\t\t\t\t\tif(htmlDiv) {\n\t\t\t\t\t\thtmlDiv.innerHTML = htmlDiv.innerHTML + htmlDivCss;\n\t\t\t\t\t}else{\n\t\t\t\t\t\tvar htmlDiv = document.createElement('div');\n\t\t\t\t\t\thtmlDiv.innerHTML = '<style>' + htmlDivCss + '<\/style>';\n\t\t\t\t\t\tdocument.getElementsByTagName('head')[0].appendChild(htmlDiv.childNodes[0]);\n\t\t\t\t\t}\n\t\t\t\t<\/script>\n\t\t\t\t<script>\n\t\t\t\t\tvar htmlDivCss = unescape(\"%0A%0A%0A%0A\");\n\t\t\t\t\tvar htmlDiv = document.getElementById('rs-plugin-settings-inline-css');\n\t\t\t\t\tif(htmlDiv) {\n\t\t\t\t\t\thtmlDiv.innerHTML = htmlDiv.innerHTML + htmlDivCss;\n\t\t\t\t\t}else{\n\t\t\t\t\t\tvar htmlDiv = document.createElement('div');\n\t\t\t\t\t\thtmlDiv.innerHTML = '<style>' + htmlDivCss + '<\/style>';\n\t\t\t\t\t\tdocument.getElementsByTagName('head')[0].appendChild(htmlDiv.childNodes[0]);\n\t\t\t\t\t}\n\t\t\t\t<\/script>\n\t\t\t<\/rs-module-wrap>\n\t\t\t<!-- END REVOLUTION SLIDER -->\n[\/vc_column][\/vc_row][\/vc_section][vc_row css=&#8221;.vc_custom_1583403695233{padding-top: 20px !important;}&#8221;][vc_column width=&#8221;1\/6&#8243;][\/vc_column][vc_column width=&#8221;2\/3&#8243;][vc_column_text][\/vc_column_text][vc_column_text]<\/p>\n<div class=\"stredtext\">\n<h4 style=\"text-align: justify; line-height: 36px; font-size: 24px;\"><span class=\"im\">Chata PECKA m\u00e1 ide\u00e1ln\u00ed polohu p\u0159\u00edmo v centru Pece pod Sn\u011b\u017ekou, jednoho z nejv\u011bt\u0161\u00edch a nejl\u00e9pe vybaven\u00fdch horsk\u00fdch st\u0159edisek v \u010cR. Vlastn\u00ed parkovi\u0161t\u011b se zaji\u0161t\u011bn\u00edm \u00faklidu sn\u011bhu a optim\u00e1ln\u00ed poloha pouh\u00fdch 100m od autobusov\u00e9ho n\u00e1dra\u017e\u00ed sm\u011brem k ly\u017ea\u0159sk\u00e9mu are\u00e1lu ji p\u0159edur\u010duje ke v\u0161em druh\u016fm rekreace a sportovn\u00edm aktivit\u00e1m. Chata s ubytovac\u00ed kapacitou cca 20 osob je po celkov\u00e9 rozs\u00e1hl\u00e9 rekonstrukci. Interi\u00e9ry jsou vybaveny n\u00e1bytkem, osv\u011btlen\u00edm a mnoha dopl\u0148ky ve stylu 40.-60.let 20.stolet\u00ed (retro-Brusel styl). Vkusn\u00e9 vybaven\u00ed vytv\u00e1\u0159\u00ed p\u0159\u00e1telskou atmosf\u00e9ru ide\u00e1ln\u00ed i k pron\u00e1jmu cel\u00e9 chaty skupin\u011b pro sportovn\u00ed a spole\u010densk\u00e1 setk\u00e1n\u00ed.<\/span><\/h4>\n<\/div>\n<p>[\/vc_column_text][vc_empty_space][\/vc_column][vc_column width=&#8221;1\/6&#8243;][\/vc_column][\/vc_row]<\/p>\n","protected":false},"excerpt":{"rendered":"<p>[vc_section][vc_row][vc_column][\/vc_column][\/vc_row][\/vc_section][vc_row css=&#8221;.vc_custom_1583403695233{padding-top: 20px !important;}&#8221;][vc_column width=&#8221;1\/6&#8243;][\/vc_column][vc_column width=&#8221;2\/3&#8243;][vc_column_text][\/vc_column_text][vc_column_text] Chata PECKA m\u00e1 ide\u00e1ln\u00ed polohu p\u0159\u00edmo v centru Pece pod Sn\u011b\u017ekou, jednoho z nejv\u011bt\u0161\u00edch a nejl\u00e9pe vybaven\u00fdch horsk\u00fdch st\u0159edisek v \u010cR. Vlastn\u00ed parkovi\u0161t\u011b se zaji\u0161t\u011bn\u00edm \u00faklidu sn\u011bhu a optim\u00e1ln\u00ed poloha pouh\u00fdch 100m od autobusov\u00e9ho n\u00e1dra\u017e\u00ed sm\u011brem k ly\u017ea\u0159sk\u00e9mu are\u00e1lu ji p\u0159edur\u010duje ke v\u0161em druh\u016fm rekreace a sportovn\u00edm aktivit\u00e1m. Chata<\/p>\n<a href=\"https:\/\/chatapecka.cz\/\" class=\"sohohotel-more-link\">Read More<i class=\"fa fa-angle-right\"><\/i><\/a>","protected":false},"author":1,"featured_media":0,"parent":0,"menu_order":0,"comment_status":"closed","ping_status":"closed","template":"","meta":[],"_links":{"self":[{"href":"https:\/\/chatapecka.cz\/index.php\/wp-json\/wp\/v2\/pages\/8"}],"collection":[{"href":"https:\/\/chatapecka.cz\/index.php\/wp-json\/wp\/v2\/pages"}],"about":[{"href":"https:\/\/chatapecka.cz\/index.php\/wp-json\/wp\/v2\/types\/page"}],"author":[{"embeddable":true,"href":"https:\/\/chatapecka.cz\/index.php\/wp-json\/wp\/v2\/users\/1"}],"replies":[{"embeddable":true,"href":"https:\/\/chatapecka.cz\/index.php\/wp-json\/wp\/v2\/comments?post=8"}],"version-history":[{"count":14,"href":"https:\/\/chatapecka.cz\/index.php\/wp-json\/wp\/v2\/pages\/8\/revisions"}],"predecessor-version":[{"id":332,"href":"https:\/\/chatapecka.cz\/index.php\/wp-json\/wp\/v2\/pages\/8\/revisions\/332"}],"wp:attachment":[{"href":"https:\/\/chatapecka.cz\/index.php\/wp-json\/wp\/v2\/media?parent=8"}],"curies":[{"name":"wp","href":"https:\/\/api.w.org\/{rel}","templated":true}]}}