{"id":26,"date":"2020-02-01T16:01:24","date_gmt":"2020-02-01T16:01:24","guid":{"rendered":"https:\/\/chatapecka.cz\/?page_id=26"},"modified":"2020-08-18T12:09:37","modified_gmt":"2020-08-18T12:09:37","slug":"kontakt","status":"publish","type":"page","link":"https:\/\/chatapecka.cz\/index.php\/kontakt\/","title":{"rendered":"Kontakt"},"content":{"rendered":"<p>[vc_row][vc_column width=&#8221;1\/2&#8243;][vc_column_text]<\/p>\n<h4>CHATA PECKA<\/h4>\n<p>Pec pod Sn\u011b\u017ekou\u00a0\u010d.p. 171<br \/>\n542 21<\/p>\n<p><strong>Provozovatel:<\/strong> Alena Sittov\u00e1, Pec pod Sn\u011b\u017ekou 220, I\u010cO\u00a0 66825504, zapsan\u00e1 v \u017dR v Trutnov\u011b<\/p>\n<p>RUINA a.s.<br \/>\nCtiradova 508\/1 Praha 4- Nusle, I\u010c 26706237, zapsan\u00e1 v OR M\u011bstsk\u00e9ho soudu v Praze<\/p>\n<p>Alena Sittov\u00e1 <a href=\"callto:+420603103041\">+420 603 103 041,<\/a>\u00a0<a href=\"mailto:sittova.pecka@seznam.cz\">sittova.pecka@seznam.cz<\/a>[\/vc_column_text][\/vc_column][vc_column width=&#8221;1\/2&#8243;][vc_raw_html]JTNDZGl2JTIwY2xhc3MlM0QlMjJmdWxsLXdpZHRoLW1hcCUyMiUzRSUzQ2lmcmFtZSUyMHN0eWxlJTNEJTIyYm9yZGVyJTNBbm9uZSUyMiUyMHNyYyUzRCUyMmh0dHBzJTNBJTJGJTJGZW4uZnJhbWUubWFweS5jeiUyRnMlMkZtYWxldG9sZXNvJTIyJTIwd2lkdGglM0QlMjIxMDAlMjUlMjIlMjBoZWlnaHQlM0QlMjIzMzMlMjIlMjBmcmFtZWJvcmRlciUzRCUyMjAlMjIlM0UlM0MlMkZpZnJhbWUlM0UlM0MlMkZkaXYlM0U=[\/vc_raw_html][\/vc_column][\/vc_row]<\/p>\n","protected":false},"excerpt":{"rendered":"<p>[vc_row][vc_column width=&#8221;1\/2&#8243;][vc_column_text] CHATA PECKA Pec pod Sn\u011b\u017ekou\u00a0\u010d.p. 171 542 21 Provozovatel: Alena Sittov\u00e1, Pec pod Sn\u011b\u017ekou 220, I\u010cO\u00a0 66825504, zapsan\u00e1 v \u017dR v Trutnov\u011b RUINA a.s. Ctiradova 508\/1 Praha 4- Nusle, I\u010c 26706237, zapsan\u00e1 v OR M\u011bstsk\u00e9ho soudu v Praze Alena Sittov\u00e1 +420 603 103 041,\u00a0sittova.pecka@seznam.cz[\/vc_column_text][\/vc_column][vc_column width=&#8221;1\/2&#8243;][vc_raw_html]JTNDZGl2JTIwY2xhc3MlM0QlMjJmdWxsLXdpZHRoLW1hcCUyMiUzRSUzQ2lmcmFtZSUyMHN0eWxlJTNEJTIyYm9yZGVyJTNBbm9uZSUyMiUyMHNyYyUzRCUyMmh0dHBzJTNBJTJGJTJGZW4uZnJhbWUubWFweS5jeiUyRnMlMkZtYWxldG9sZXNvJTIyJTIwd2lkdGglM0QlMjIxMDAlMjUlMjIlMjBoZWlnaHQlM0QlMjIzMzMlMjIlMjBmcmFtZWJvcmRlciUzRCUyMjAlMjIlM0UlM0MlMkZpZnJhbWUlM0UlM0MlMkZkaXYlM0U=[\/vc_raw_html][\/vc_column][\/vc_row]<\/p>\n<a href=\"https:\/\/chatapecka.cz\/index.php\/kontakt\/\" class=\"sohohotel-more-link\">Read More<i class=\"fa fa-angle-right\"><\/i><\/a>","protected":false},"author":1,"featured_media":0,"parent":0,"menu_order":0,"comment_status":"closed","ping_status":"closed","template":"","meta":[],"_links":{"self":[{"href":"https:\/\/chatapecka.cz\/index.php\/wp-json\/wp\/v2\/pages\/26"}],"collection":[{"href":"https:\/\/chatapecka.cz\/index.php\/wp-json\/wp\/v2\/pages"}],"about":[{"href":"https:\/\/chatapecka.cz\/index.php\/wp-json\/wp\/v2\/types\/page"}],"author":[{"embeddable":true,"href":"https:\/\/chatapecka.cz\/index.php\/wp-json\/wp\/v2\/users\/1"}],"replies":[{"embeddable":true,"href":"https:\/\/chatapecka.cz\/index.php\/wp-json\/wp\/v2\/comments?post=26"}],"version-history":[{"count":14,"href":"https:\/\/chatapecka.cz\/index.php\/wp-json\/wp\/v2\/pages\/26\/revisions"}],"predecessor-version":[{"id":330,"href":"https:\/\/chatapecka.cz\/index.php\/wp-json\/wp\/v2\/pages\/26\/revisions\/330"}],"wp:attachment":[{"href":"https:\/\/chatapecka.cz\/index.php\/wp-json\/wp\/v2\/media?parent=26"}],"curies":[{"name":"wp","href":"https:\/\/api.w.org\/{rel}","templated":true}]}}