{"id":22,"date":"2020-02-01T16:01:03","date_gmt":"2020-02-01T16:01:03","guid":{"rendered":"https:\/\/chatapecka.cz\/?page_id=22"},"modified":"2021-10-07T08:26:38","modified_gmt":"2021-10-07T08:26:38","slug":"zabava","status":"publish","type":"page","link":"https:\/\/chatapecka.cz\/index.php\/zabava\/","title":{"rendered":"Z\u00e1bava"},"content":{"rendered":"<p>[vc_row][vc_column width=&#8221;1\/2&#8243;][vc_column_text]<\/p>\n<div class=\"text\">\n<p>Vyznava\u010di zimn\u00edch sport\u016f ocen\u00ed zejm\u00e9na p\u0159\u00edm\u00e9 spojen\u00ed se sjezdov\u00fdm are\u00e1lem Javor, Zahr\u00e1dky a Hn\u011bd\u00fd vrch,Jansk\u00e9 L\u00e1zn\u011b,Velk\u00e1 \u00dapa, kter\u00e9mu slou\u017e\u00ed skibusy se zast\u00e1vkou 100m od chaty a mo\u017enost ve\u010dern\u00edho ly\u017eov\u00e1n\u00ed na osv\u011btlen\u00e9 sjezdovce Javor, nejdel\u0161\u00ed v \u010cR (dal\u0161\u00ed info na <a href=\"http:\/\/www.pecpodsnezkou.cz\" target=\"_blank\" rel=\"noopener noreferrer\">www.pecpodsnezkou.cz<\/a>).<\/p>\n<p>Skiresort \u010cern\u00e1 hora-Pec nab\u00edz\u00ed ly\u017ea\u0159\u016fm p\u0159es 40 km sjezdovek na jeden skipas.<\/p>\n<p>S p\u0159\u00edchodem jara nab\u00edz\u00ed p\u0159ekr\u00e1sn\u00e1 scenerie hor mnoho mo\u017enost\u00ed pro aktivn\u00ed odpo\u010dinek nebo kr\u00e1sn\u00fd v\u00fdlet novou kabinou lanovkou na Sn\u011b\u017eku.<\/p>\n<p>Tradi\u010dn\u00ed p\u011b\u0161\u00ed turistiku do okol\u00ed nejvy\u0161\u0161\u00ed hory \u010cR dopl\u0148uj\u00ed des\u00edtky kilometr\u016f cyklotras s dopravou propojenou cyklobusem a\u017e do Harrachova. Pro vyznava\u010de golfu je v dosahu 12 km 18ti jamkov\u00e9 golfov\u00e9 h\u0159i\u0161t\u011b Mlad\u00e9 Buky. V letn\u00ed sezon\u011b jist\u011b zaujme mo\u017enost romantick\u00e9ho posezen\u00ed venku u ohni\u0161t\u011b, v klidov\u00e9 z\u00f3n\u011b u potoka.<\/p>\n<p>V bezprost\u0159edn\u00ed bl\u00edzkosti chaty se nach\u00e1z\u00ed \u0159ada dobr\u00fdch restaurac\u00ed v r\u016fzn\u00fdch cenov\u00fdch kategori\u00edch.\u00a0 V okol\u00ed naleznete p\u016fj\u010dovny ve\u0161ker\u00e9ho sportovn\u00edho vybaven\u00ed a dal\u0161\u00ed za\u0159\u00edzen\u00ed pro zpest\u0159en\u00ed pobytu \u010di sportovn\u00ed vy\u017eit\u00ed jako je sauna, fitness, bowling, horsk\u00e1 bobov\u00e1 dr\u00e1ha, ob\u0159\u00ed skluzavky, squash.Tenisov\u00fd kurt &#8211; 50m od chaty. Kryt\u00fd baz\u00e9n je v hotelu Horizont vzd\u00e1len\u00e9ho 200m od chaty,\u00a0 kr\u00e1sn\u00fd aquapark m\u016f\u017eete nav\u0161t\u00edvit v 20 km vzd\u00e1len\u00e9m Trutnov\u011b. Zpest\u0159en\u00edm pobytu m\u016f\u017ee b\u00fdt v\u00fdlet do ZOO ve 50km vzd\u00e1len\u00e9m Dvo\u0159e Kr\u00e1lov\u00e9 nad Labem.<\/p>\n<p>Ka\u017ed\u00fd n\u00e1v\u0161t\u011bvn\u00edk chaty PECKA obdr\u017e\u00ed KARTU HOSTA,na kterou m\u016f\u017ee vyu\u017e\u00edvat \u0159adu slev (nap\u0159.nov\u00e1 lanovka na Sn\u011b\u017eku &#8211; 30%, Hn\u011bd\u00fd vrch a Port\u00e1\u0161ky, Relax park, baz\u00e9n v Horizontu, Kosmetika , Wellnes). Aktu\u00e1ln\u00ed informace z\u00edsk\u00e1te na kontaktech CHATA PECKA a na chat\u011b prost\u0159ednictv\u00edm info let\u00e1k\u016f \u010di u spr\u00e1vce chaty.<\/p>\n<p>Dal\u0161\u00ed tipy na v\u00fdlety a jin\u00e9 aktivity m\u016f\u017eete z\u00edskat na <a href=\"http:\/\/www.region-krkonose.cz\" target=\"_blank\" rel=\"noopener noreferrer\">www.region-krkonose.cz<\/a><\/p>\n<\/div>\n<p>[\/vc_column_text][vc_empty_space][\/vc_column][vc_column width=&#8221;1\/2&#8243;]\n\t\t\t<!-- START zabava REVOLUTION SLIDER 6.1.5 --><p class=\"rs-p-wp-fix\"><\/p>\n\t\t\t<rs-module-wrap id=\"rev_slider_5_1_wrapper\" data-source=\"gallery\" style=\"background:transparent;padding:0;margin:0px auto;margin-top:0;margin-bottom:0;\">\n\t\t\t\t<rs-module id=\"rev_slider_5_1\" style=\"display:none;\" data-version=\"6.1.5\">\n\t\t\t\t\t<rs-slides>\n\t\t\t\t\t\t<rs-slide data-key=\"rs-35\" data-title=\"Slide\" data-thumb=\"\/\/chatapecka.cz\/wp-content\/uploads\/2020\/02\/fotka1.jpg\" data-anim=\"ei:d;eo:d;s:1000;r:0;t:fade;sl:0;\">\n\t\t\t\t\t\t\t<img src=\"\/\/chatapecka.cz\/wp-content\/uploads\/2020\/02\/fotka1.jpg\" title=\"fotka1\" width=\"550\" height=\"412\" class=\"rev-slidebg\" data-no-retina>\n<!---->\t\t\t\t\t\t<\/rs-slide>\n\t\t\t\t\t\t<rs-slide data-key=\"rs-34\" data-title=\"Slide\" data-thumb=\"\/\/chatapecka.cz\/wp-content\/uploads\/2020\/02\/fotka2.jpg\" data-anim=\"ei:d;eo:d;s:1000;r:0;t:fade;sl:0;\">\n\t\t\t\t\t\t\t<img src=\"\/\/chatapecka.cz\/wp-content\/uploads\/2020\/02\/fotka2.jpg\" title=\"fotka2\" width=\"550\" height=\"412\" class=\"rev-slidebg\" data-no-retina>\n<!---->\t\t\t\t\t\t<\/rs-slide>\n\t\t\t\t\t\t<rs-slide data-key=\"rs-27\" data-title=\"Slide\" data-thumb=\"\/\/chatapecka.cz\/wp-content\/uploads\/2020\/02\/fotka3.jpg\" data-anim=\"ei:d;eo:d;s:1000;r:0;t:fade;sl:0;\">\n\t\t\t\t\t\t\t<img src=\"\/\/chatapecka.cz\/wp-content\/uploads\/2020\/02\/fotka3.jpg\" title=\"fotka3\" width=\"550\" height=\"412\" class=\"rev-slidebg\" data-no-retina>\n<!---->\t\t\t\t\t\t<\/rs-slide>\n\t\t\t\t\t\t<rs-slide data-key=\"rs-28\" data-title=\"Slide\" data-thumb=\"\/\/chatapecka.cz\/wp-content\/uploads\/2020\/02\/fotka4.jpg\" data-anim=\"ei:d;eo:d;s:1000;r:0;t:fade;sl:0;\">\n\t\t\t\t\t\t\t<img src=\"\/\/chatapecka.cz\/wp-content\/uploads\/2020\/02\/fotka4.jpg\" title=\"fotka4\" width=\"550\" height=\"412\" class=\"rev-slidebg\" data-no-retina>\n<!---->\t\t\t\t\t\t<\/rs-slide>\n\t\t\t\t\t\t<rs-slide data-key=\"rs-29\" data-title=\"Slide\" data-thumb=\"\/\/chatapecka.cz\/wp-content\/uploads\/2020\/02\/fotka6.jpg\" data-anim=\"ei:d;eo:d;s:1000;r:0;t:fade;sl:0;\">\n\t\t\t\t\t\t\t<img src=\"\/\/chatapecka.cz\/wp-content\/uploads\/2020\/02\/fotka6.jpg\" title=\"fotka6\" width=\"550\" height=\"412\" class=\"rev-slidebg\" data-no-retina>\n<!---->\t\t\t\t\t\t<\/rs-slide>\n\t\t\t\t\t\t<rs-slide data-key=\"rs-30\" data-title=\"Slide\" data-thumb=\"\/\/chatapecka.cz\/wp-content\/uploads\/2020\/02\/fotka7.jpg\" data-anim=\"ei:d;eo:d;s:1000;r:0;t:fade;sl:0;\">\n\t\t\t\t\t\t\t<img src=\"\/\/chatapecka.cz\/wp-content\/uploads\/2020\/02\/fotka7.jpg\" title=\"fotka7\" width=\"550\" height=\"412\" class=\"rev-slidebg\" data-no-retina>\n<!---->\t\t\t\t\t\t<\/rs-slide>\n\t\t\t\t\t<\/rs-slides>\n\t\t\t\t\t<rs-progress class=\"rs-bottom\" style=\"visibility: hidden !important;\"><\/rs-progress>\n\t\t\t\t<\/rs-module>\n\t\t\t\t<script type=\"text\/javascript\">\n\t\t\t\t\tsetREVStartSize({c: 'rev_slider_5_1',rl:[1240,1024,778,480],el:[370],gw:[550],gh:[370],layout:'fullwidth',thumbh:\"80\",mh:\"0\"});\n\t\t\t\t\tvar\trevapi5,\n\t\t\t\t\t\ttpj;\n\t\t\t\t\tjQuery(function() {\n\t\t\t\t\t\ttpj = jQuery;\n\t\t\t\t\t\tif(tpj(\"#rev_slider_5_1\").revolution == undefined){\n\t\t\t\t\t\t\trevslider_showDoubleJqueryError(\"#rev_slider_5_1\");\n\t\t\t\t\t\t}else{\n\t\t\t\t\t\t\trevapi5 = tpj(\"#rev_slider_5_1\").show().revolution({\n\t\t\t\t\t\t\t\tjsFileLocation:\"\/\/chatapecka.cz\/wp-content\/plugins\/revslider\/public\/assets\/js\/\",\n\t\t\t\t\t\t\t\tvisibilityLevels:\"1240,1024,778,480\",\n\t\t\t\t\t\t\t\tgridwidth:550,\n\t\t\t\t\t\t\t\tgridheight:370,\n\t\t\t\t\t\t\t\tminHeight:\"\",\n\t\t\t\t\t\t\t\tspinner:\"spinner0\",\n\t\t\t\t\t\t\t\teditorheight:\"370,768,960,720\",\n\t\t\t\t\t\t\t\tresponsiveLevels:\"1240,1024,778,480\",\n\t\t\t\t\t\t\t\tdisableProgressBar:\"on\",\n\t\t\t\t\t\t\t\tnavigation: {\n\t\t\t\t\t\t\t\t\tonHoverStop:false,\n\t\t\t\t\t\t\t\t\tarrows: {\n\t\t\t\t\t\t\t\t\t\tenable:true,\n\t\t\t\t\t\t\t\t\t\tstyle:\"hesperiden\",\n\t\t\t\t\t\t\t\t\t\tleft: {\n\t\t\t\t\t\t\t\t\t\t\th_offset:30\n\t\t\t\t\t\t\t\t\t\t},\n\t\t\t\t\t\t\t\t\t\tright: {\n\t\t\t\t\t\t\t\t\t\t\th_offset:30\n\t\t\t\t\t\t\t\t\t\t}\n\t\t\t\t\t\t\t\t\t},\n\t\t\t\t\t\t\t\t\tthumbnails: {\n\t\t\t\t\t\t\t\t\t\tenable:true,\n\t\t\t\t\t\t\t\t\t\ttmp:\"<span class=\\\"tp-thumb-img-wrap\\\">  <span class=\\\"tp-thumb-image\\\"><\/span><\/span>\",\n\t\t\t\t\t\t\t\t\t\tstyle:\"gyges\",\n\t\t\t\t\t\t\t\t\t\tv_offset:0,\n\t\t\t\t\t\t\t\t\t\tspace:5,\n\t\t\t\t\t\t\t\t\t\twidth:70,\n\t\t\t\t\t\t\t\t\t\theight:70,\n\t\t\t\t\t\t\t\t\t\twrapper_padding:5,\n\t\t\t\t\t\t\t\t\t\twrapper_color:\"transparent\",\n\t\t\t\t\t\t\t\t\t\tvisibleAmount:7,\n\t\t\t\t\t\t\t\t\t\tposition:\"outer-horizontal\"\n\t\t\t\t\t\t\t\t\t}\n\t\t\t\t\t\t\t\t},\n\t\t\t\t\t\t\t\tfallbacks: {\n\t\t\t\t\t\t\t\t\tallowHTML5AutoPlayOnAndroid:true\n\t\t\t\t\t\t\t\t},\n\t\t\t\t\t\t\t});\n\t\t\t\t\t\t}\n\t\t\t\t\t\t\n\t\t\t\t\t});\n\t\t\t\t<\/script>\n\t\t\t\t<script>\n\t\t\t\t\tvar htmlDivCss = unescape(\"%23rev_slider_5_1_wrapper%20.hesperiden.tparrows%20%7B%0A%09cursor%3Apointer%3B%0A%09background%3Argba%280%2C0%2C0%2C0.5%29%3B%0A%09width%3A40px%3B%0A%09height%3A40px%3B%0A%09position%3Aabsolute%3B%0A%09display%3Ablock%3B%0A%09z-index%3A1000%3B%0A%20%20%20%20border-radius%3A%2050%25%3B%0A%7D%0A%23rev_slider_5_1_wrapper%20.hesperiden.tparrows%3Ahover%20%7B%0A%09background%3A%23000000%3B%0A%7D%0A%23rev_slider_5_1_wrapper%20.hesperiden.tparrows%3Abefore%20%7B%0A%09font-family%3A%20%27revicons%27%3B%0A%09font-size%3A20px%3B%0A%09color%3A%23ffffff%3B%0A%09display%3Ablock%3B%0A%09line-height%3A%2040px%3B%0A%09text-align%3A%20center%3B%0A%7D%0A%23rev_slider_5_1_wrapper%20.hesperiden.tparrows.tp-leftarrow%3Abefore%20%7B%0A%09content%3A%20%27%5Ce82c%27%3B%0A%20%20%20%20margin-left%3A-3px%3B%0A%7D%0A%23rev_slider_5_1_wrapper%20.hesperiden.tparrows.tp-rightarrow%3Abefore%20%7B%0A%09content%3A%20%27%5Ce82d%27%3B%0A%20%20%20%20margin-right%3A-3px%3B%0A%7D%0A%23rev_slider_5_1_wrapper%20.gyges%20.tp-thumb%20%7B%20%0A%20%20%20%20%20%20opacity%3A1%0A%20%20%7D%0A%23rev_slider_5_1_wrapper%20.gyges%20.tp-thumb-img-wrap%20%7B%0A%20%20padding%3A3px%3B%0A%20%20background-color%3Argba%280%2C0%2C0%2C0.25%29%3B%0A%20%20display%3Ainline-block%3B%0A%0A%20%20width%3A100%25%3B%0A%20%20height%3A100%25%3B%0A%20%20position%3Arelative%3B%0A%20%20margin%3A0px%3B%0A%20%20box-sizing%3Aborder-box%3B%0A%20%20%20%20transition%3Aall%200.3s%3B%0A%20%20%20%20-webkit-transition%3Aall%200.3s%3B%0A%7D%0A%23rev_slider_5_1_wrapper%20.gyges%20.tp-thumb-image%20%7B%0A%20%20%20padding%3A3px%3B%20%0A%20%20%20display%3Ablock%3B%0A%20%20%20box-sizing%3Aborder-box%3B%0A%20%20%20position%3Arelative%3B%0A%20%20%20%20-webkit-box-shadow%3A%20inset%205px%205px%2010px%200px%20rgba%280%2C0%2C0%2C0.25%29%3B%0A%20%20-moz-box-shadow%3A%20inset%205px%205px%2010px%200px%20rgba%280%2C0%2C0%2C0.25%29%3B%0A%20%20box-shadow%3A%20inset%205px%205px%2010px%200px%20rgba%280%2C0%2C0%2C0.25%29%3B%0A%20%7D%20%20%0A%0A%23rev_slider_5_1_wrapper%20.gyges%20.tp-thumb%3Ahover%20.tp-thumb-img-wrap%2C%0A%20%23rev_slider_5_1_wrapper%20.gyges%20.tp-thumb.selected%20.tp-thumb-img-wrap%20%7B%0A%20%20%20%20background%3A%20-moz-linear-gradient%28top%2C%20%20%23ffffff%200%25%2C%20%23777777%20100%25%29%3B%0Abackground%3A%20-webkit-gradient%28left%20top%2C%20left%20bottom%2C%20color-stop%280%25%2C%20%23ffffff%2C%20color-stop%28100%25%2C%20%23777777%29%29%29%3B%0Abackground%3A%20-webkit-linear-gradient%28top%2C%20%23ffffff%200%25%2C%20%23777777%20100%25%29%3B%0Abackground%3A%20-o-linear-gradient%28top%2C%20%23ffffff%200%25%2C%20%23777777%20100%25%29%3B%0Abackground%3A%20-ms-linear-gradient%28top%2C%20%23ffffff%200%25%2C%20%23777777%20100%25%29%3B%0Abackground%3A%20linear-gradient%28to%20bottom%2C%20%23ffffff%200%25%2C%20%23777777%20100%25%29%3B%0A%0A%7D%0A%0A%0A\");\n\t\t\t\t\tvar htmlDiv = document.getElementById('rs-plugin-settings-inline-css');\n\t\t\t\t\tif(htmlDiv) {\n\t\t\t\t\t\thtmlDiv.innerHTML = htmlDiv.innerHTML + htmlDivCss;\n\t\t\t\t\t}else{\n\t\t\t\t\t\tvar htmlDiv = document.createElement('div');\n\t\t\t\t\t\thtmlDiv.innerHTML = '<style>' + htmlDivCss + '<\/style>';\n\t\t\t\t\t\tdocument.getElementsByTagName('head')[0].appendChild(htmlDiv.childNodes[0]);\n\t\t\t\t\t}\n\t\t\t\t<\/script>\n\t\t\t\t<script>\n\t\t\t\t\tvar htmlDivCss = unescape(\"%0A%0A%0A%0A%0A%0A%0A%0A%0A%0A%0A%0A\");\n\t\t\t\t\tvar htmlDiv = document.getElementById('rs-plugin-settings-inline-css');\n\t\t\t\t\tif(htmlDiv) {\n\t\t\t\t\t\thtmlDiv.innerHTML = htmlDiv.innerHTML + htmlDivCss;\n\t\t\t\t\t}else{\n\t\t\t\t\t\tvar htmlDiv = document.createElement('div');\n\t\t\t\t\t\thtmlDiv.innerHTML = '<style>' + htmlDivCss + '<\/style>';\n\t\t\t\t\t\tdocument.getElementsByTagName('head')[0].appendChild(htmlDiv.childNodes[0]);\n\t\t\t\t\t}\n\t\t\t\t<\/script>\n\t\t\t<\/rs-module-wrap>\n\t\t\t<!-- END REVOLUTION SLIDER -->\n[vc_empty_space][\/vc_column][\/vc_row]<\/p>\n","protected":false},"excerpt":{"rendered":"<p>[vc_row][vc_column width=&#8221;1\/2&#8243;][vc_column_text] Vyznava\u010di zimn\u00edch sport\u016f ocen\u00ed zejm\u00e9na p\u0159\u00edm\u00e9 spojen\u00ed se sjezdov\u00fdm are\u00e1lem Javor, Zahr\u00e1dky a Hn\u011bd\u00fd vrch,Jansk\u00e9 L\u00e1zn\u011b,Velk\u00e1 \u00dapa, kter\u00e9mu slou\u017e\u00ed skibusy se zast\u00e1vkou 100m od chaty a mo\u017enost ve\u010dern\u00edho ly\u017eov\u00e1n\u00ed na osv\u011btlen\u00e9 sjezdovce Javor, nejdel\u0161\u00ed v \u010cR (dal\u0161\u00ed info na www.pecpodsnezkou.cz). Skiresort \u010cern\u00e1 hora-Pec nab\u00edz\u00ed ly\u017ea\u0159\u016fm p\u0159es 40 km sjezdovek na jeden skipas. S<\/p>\n<a href=\"https:\/\/chatapecka.cz\/index.php\/zabava\/\" class=\"sohohotel-more-link\">Read More<i class=\"fa fa-angle-right\"><\/i><\/a>","protected":false},"author":1,"featured_media":0,"parent":0,"menu_order":0,"comment_status":"closed","ping_status":"closed","template":"","meta":[],"_links":{"self":[{"href":"https:\/\/chatapecka.cz\/index.php\/wp-json\/wp\/v2\/pages\/22"}],"collection":[{"href":"https:\/\/chatapecka.cz\/index.php\/wp-json\/wp\/v2\/pages"}],"about":[{"href":"https:\/\/chatapecka.cz\/index.php\/wp-json\/wp\/v2\/types\/page"}],"author":[{"embeddable":true,"href":"https:\/\/chatapecka.cz\/index.php\/wp-json\/wp\/v2\/users\/1"}],"replies":[{"embeddable":true,"href":"https:\/\/chatapecka.cz\/index.php\/wp-json\/wp\/v2\/comments?post=22"}],"version-history":[{"count":8,"href":"https:\/\/chatapecka.cz\/index.php\/wp-json\/wp\/v2\/pages\/22\/revisions"}],"predecessor-version":[{"id":356,"href":"https:\/\/chatapecka.cz\/index.php\/wp-json\/wp\/v2\/pages\/22\/revisions\/356"}],"wp:attachment":[{"href":"https:\/\/chatapecka.cz\/index.php\/wp-json\/wp\/v2\/media?parent=22"}],"curies":[{"name":"wp","href":"https:\/\/api.w.org\/{rel}","templated":true}]}}