{"id":21,"date":"2020-02-01T16:00:54","date_gmt":"2020-02-01T16:00:54","guid":{"rendered":"https:\/\/chatapecka.cz\/?page_id=21"},"modified":"2026-03-17T09:58:31","modified_gmt":"2026-03-17T09:58:31","slug":"cenik","status":"publish","type":"page","link":"https:\/\/chatapecka.cz\/index.php\/cenik\/","title":{"rendered":"Cen\u00edk"},"content":{"rendered":"<p>[vc_row][vc_column width=&#8221;1\/2&#8243;][vc_column_text]<strong>Cel\u00e1 chata:<\/strong><br \/>\nod 10100,- K\u010d \/ noc v zimn\u00ed sezon\u011b &#8211; cel\u00e1 chata<\/p>\n<p>od 8600,- K\u010d\/ noc v zimn\u00ed sezon\u011b bez apartm\u00e1 &#8211; jen 1.patro<\/p>\n<p>od 8600,- K\u010d \/noc\u00a0 v letn\u00ed sezon\u011b &#8211; cel\u00e1 chata<\/p>\n<p>od 7500,- K\u010d\/noc &#8211; v letn\u00ed sezon\u011b bez apartm\u00e1<\/p>\n<p><strong>Zimn\u00ed sezona\u00a0 prosinec &#8211; duben<\/strong><\/p>\n<p><strong>Apartm\u00e1:<\/strong><br \/>\n580,- K\u010d os.\/noc<br \/>\n470,- K\u010d d\u00edt\u011b 2-10 let\/noc<\/p>\n<p><strong>2 &#8211; 4 l\u016f\u017ekov\u00e9 pokoje:<\/strong><br \/>\n470,- K\u010d os.\/noc<\/p>\n<p><strong>4 l\u016f\u017ekov\u00fd pokoj s TV a umyvadlem<\/strong>:<br \/>\n480,- K\u010d os\/noc<\/p>\n<p>420,- K\u010d d\u00edt\u011b 2-10 let\/noc ve v\u0161ech pokoj\u00edch<br \/>\n110,- K\u010d d\u00edt\u011b do 2 let\/noc ve v\u0161ech pokoj\u00edch i apartm\u00e1<\/p>\n<p><strong>\u00a0Listopad<\/strong><\/p>\n<p><strong>Pokoje<\/strong><\/p>\n<table border=\"0\" cellspacing=\"0\">\n<tbody>\n<tr>\n<td>Dosp\u011bl\u00ed a d\u011bti od 10let<\/td>\n<td>450,-K\u010d os.noc \/ 460,-K\u010d pokoj s TV a umyv.<\/td>\n<\/tr>\n<tr>\n<td>D\u011bti 2-10let<\/td>\n<td>400,-K\u010d noc<\/td>\n<\/tr>\n<tr>\n<td>D\u011bti do 2let<\/td>\n<td>110,- K\u010d noc<\/td>\n<\/tr>\n<\/tbody>\n<\/table>\n<p><strong>2-4l\u016f\u017ekov\u00e9 apartm\u00e1<\/strong><\/p>\n<table border=\"0\" cellspacing=\"0\">\n<tbody>\n<tr>\n<td>Dosp\u011bl\u00ed a d\u011bti od 10let<\/td>\n<td>530,-K\u010d os.noc<\/td>\n<\/tr>\n<tr>\n<td>D\u011bti 2-10let<\/td>\n<td>450,-K\u010d os.noc<\/td>\n<\/tr>\n<tr>\n<td>D\u011bti do 2let<\/td>\n<td>110,-K\u010d os.noc<\/td>\n<\/tr>\n<\/tbody>\n<\/table>\n<p><strong>Kv\u011bten \u2013 \u0158\u00edjen<\/strong><\/p>\n<p><strong>Pokoje<\/strong><\/p>\n<table border=\"0\" cellspacing=\"0\">\n<tbody>\n<tr>\n<td>Dosp\u011bl\u00ed a d\u011bti od 10let<\/td>\n<td>\u00a0430,-K\u010d os.noc \/od 440,-K\u010d pokoj s TV a umyv.<\/td>\n<\/tr>\n<tr>\n<td>D\u011bti 2-10let<\/td>\n<td>\u00a0 390,-K\u010d os.noc<\/td>\n<\/tr>\n<tr>\n<td>D\u011bti do 2let<\/td>\n<td>110.-K\u010d\/noc<\/td>\n<\/tr>\n<\/tbody>\n<\/table>\n<p><strong>2-4l\u016f\u017ekov\u00e9 apartm\u00e1<\/strong><\/p>\n<table border=\"0\" cellspacing=\"0\">\n<tbody>\n<tr>\n<td>Dosp\u011bl\u00ed a d\u011bti od 10let<\/td>\n<td>\u00a0500,-K\u010d os.noc<\/td>\n<\/tr>\n<tr>\n<td>D\u011bti 2-10let<\/td>\n<td>\u00a0440,-K\u010d os.noc<\/td>\n<\/tr>\n<tr>\n<td>D\u011bti do 2let<\/td>\n<td>110,-K\u010d\/noc<\/td>\n<\/tr>\n<\/tbody>\n<\/table>\n<p>P\u0159\u00edplatek za p\u0159it\u00e1p\u011bn\u00ed v letn\u00edm obdob\u00ed dle dohody.<\/p>\n<p>Zap\u016fj\u010den\u00ed d\u011btsk\u00e9 cestovn\u00ed post\u00fdlky s pe\u0159inkami\u00a0 100 K\u010d\/den.P<\/p>\n<p>Pokoje pronaj\u00edm\u00e1me min.na 2 NOCI, apartm\u00e1 na 3 noci. P\u0159\u00edplatek na pobyt 2 noci 180,-K\u010d\/os.l\u00e9to a 200,-K\u010d\/os.zima<\/p>\n<p>Dom\u00e1c\u00ed mazl\u00ed\u010dky u\u017e nebereme.<\/p>\n<p>P\u0159\u00edplatek 200,-K\u010d\/den p\u0159i obsazen\u00ed pokoje pouze 1 osobou<\/p>\n<p>V p\u0159\u00edpad\u011b obsazen\u00ed apartm\u00e1 1 osobou plat\u00ed osoby 2.<\/p>\n<p>Host\u00e9 nad 18 let plat\u00ed k cen\u00e1m ubytov\u00e1n\u00ed Ubytovac\u00ed poplatek m\u011bstu\u00a0 35 K\u010d\/noc.<\/p>\n<p>V cen\u011b ubytov\u00e1n\u00ed je zapo\u010dteno DPH.[\/vc_column_text][vc_empty_space][\/vc_column][vc_column width=&#8221;1\/2&#8243;]\n\t\t\t<!-- START cenik REVOLUTION SLIDER 6.1.5 --><p class=\"rs-p-wp-fix\"><\/p>\n\t\t\t<rs-module-wrap id=\"rev_slider_3_1_wrapper\" data-source=\"gallery\" style=\"background:transparent;padding:0;margin:0px auto;margin-top:0;margin-bottom:0;\">\n\t\t\t\t<rs-module id=\"rev_slider_3_1\" style=\"display:none;\" data-version=\"6.1.5\">\n\t\t\t\t\t<rs-slides>\n\t\t\t\t\t\t<rs-slide data-key=\"rs-68\" data-title=\"Slide\" data-thumb=\"\/\/chatapecka.cz\/wp-content\/uploads\/2020\/06\/DSC_5012.jpg\" data-anim=\"ei:d;eo:d;s:1000;r:0;t:fade;sl:0;\">\n\t\t\t\t\t\t\t<img src=\"\/\/chatapecka.cz\/wp-content\/uploads\/2020\/06\/DSC_5012.jpg\" title=\"Cen\u00edk\" class=\"rev-slidebg\" data-no-retina>\n<!---->\t\t\t\t\t\t<\/rs-slide>\n\t\t\t\t\t\t<rs-slide data-key=\"rs-69\" data-title=\"Slide\" data-thumb=\"\/\/chatapecka.cz\/wp-content\/uploads\/2020\/06\/DSC_5018.jpg\" data-anim=\"ei:d;eo:d;s:1000;r:0;t:fade;sl:0;\">\n\t\t\t\t\t\t\t<img src=\"\/\/chatapecka.cz\/wp-content\/uploads\/2020\/06\/DSC_5018.jpg\" title=\"Cen\u00edk\" class=\"rev-slidebg\" data-no-retina>\n<!---->\t\t\t\t\t\t<\/rs-slide>\n\t\t\t\t\t\t<rs-slide data-key=\"rs-70\" data-title=\"Slide\" data-thumb=\"\/\/chatapecka.cz\/wp-content\/uploads\/2020\/06\/DSC_5027.jpg\" data-anim=\"ei:d;eo:d;s:1000;r:0;t:fade;sl:0;\">\n\t\t\t\t\t\t\t<img src=\"\/\/chatapecka.cz\/wp-content\/uploads\/2020\/06\/DSC_5027.jpg\" title=\"Cen\u00edk\" class=\"rev-slidebg\" data-no-retina>\n<!---->\t\t\t\t\t\t<\/rs-slide>\n\t\t\t\t\t\t<rs-slide data-key=\"rs-71\" data-title=\"Slide\" data-thumb=\"\/\/chatapecka.cz\/wp-content\/uploads\/2020\/06\/DSC_5074.jpg\" data-anim=\"ei:d;eo:d;s:1000;r:0;t:fade;sl:0;\">\n\t\t\t\t\t\t\t<img src=\"\/\/chatapecka.cz\/wp-content\/uploads\/2020\/06\/DSC_5074.jpg\" title=\"Cen\u00edk\" class=\"rev-slidebg\" data-no-retina>\n<!---->\t\t\t\t\t\t<\/rs-slide>\n\t\t\t\t\t\t<rs-slide data-key=\"rs-73\" data-title=\"Slide\" data-thumb=\"\/\/chatapecka.cz\/wp-content\/uploads\/2020\/06\/DSC_5083.jpg\" data-anim=\"ei:d;eo:d;s:1000;r:0;t:fade;sl:0;\">\n\t\t\t\t\t\t\t<img src=\"\/\/chatapecka.cz\/wp-content\/uploads\/2020\/06\/DSC_5083.jpg\" title=\"Cen\u00edk\" class=\"rev-slidebg\" data-no-retina>\n<!---->\t\t\t\t\t\t<\/rs-slide>\n\t\t\t\t\t\t<rs-slide data-key=\"rs-74\" data-title=\"Slide\" data-thumb=\"\/\/chatapecka.cz\/wp-content\/uploads\/2020\/06\/DSC_5380.jpg\" data-anim=\"ei:d;eo:d;s:1000;r:0;t:fade;sl:0;\">\n\t\t\t\t\t\t\t<img src=\"\/\/chatapecka.cz\/wp-content\/uploads\/2020\/06\/DSC_5380.jpg\" title=\"Cen\u00edk\" class=\"rev-slidebg\" data-no-retina>\n<!---->\t\t\t\t\t\t<\/rs-slide>\n\t\t\t\t\t<\/rs-slides>\n\t\t\t\t\t<rs-progress class=\"rs-bottom\" style=\"visibility: hidden !important;\"><\/rs-progress>\n\t\t\t\t<\/rs-module>\n\t\t\t\t<script type=\"text\/javascript\">\n\t\t\t\t\tsetREVStartSize({c: 'rev_slider_3_1',rl:[1240,1024,778,480],el:[370],gw:[550],gh:[370],layout:'fullwidth',thumbh:\"80\",mh:\"0\"});\n\t\t\t\t\tvar\trevapi3,\n\t\t\t\t\t\ttpj;\n\t\t\t\t\tjQuery(function() {\n\t\t\t\t\t\ttpj = jQuery;\n\t\t\t\t\t\tif(tpj(\"#rev_slider_3_1\").revolution == undefined){\n\t\t\t\t\t\t\trevslider_showDoubleJqueryError(\"#rev_slider_3_1\");\n\t\t\t\t\t\t}else{\n\t\t\t\t\t\t\trevapi3 = tpj(\"#rev_slider_3_1\").show().revolution({\n\t\t\t\t\t\t\t\tjsFileLocation:\"\/\/chatapecka.cz\/wp-content\/plugins\/revslider\/public\/assets\/js\/\",\n\t\t\t\t\t\t\t\tvisibilityLevels:\"1240,1024,778,480\",\n\t\t\t\t\t\t\t\tgridwidth:550,\n\t\t\t\t\t\t\t\tgridheight:370,\n\t\t\t\t\t\t\t\tminHeight:\"\",\n\t\t\t\t\t\t\t\tspinner:\"spinner0\",\n\t\t\t\t\t\t\t\teditorheight:\"370,768,960,720\",\n\t\t\t\t\t\t\t\tresponsiveLevels:\"1240,1024,778,480\",\n\t\t\t\t\t\t\t\tdisableProgressBar:\"on\",\n\t\t\t\t\t\t\t\tnavigation: {\n\t\t\t\t\t\t\t\t\tonHoverStop:false,\n\t\t\t\t\t\t\t\t\tarrows: {\n\t\t\t\t\t\t\t\t\t\tenable:true,\n\t\t\t\t\t\t\t\t\t\tstyle:\"hesperiden\",\n\t\t\t\t\t\t\t\t\t\tleft: {\n\t\t\t\t\t\t\t\t\t\t\th_offset:30\n\t\t\t\t\t\t\t\t\t\t},\n\t\t\t\t\t\t\t\t\t\tright: {\n\t\t\t\t\t\t\t\t\t\t\th_offset:30\n\t\t\t\t\t\t\t\t\t\t}\n\t\t\t\t\t\t\t\t\t},\n\t\t\t\t\t\t\t\t\tthumbnails: {\n\t\t\t\t\t\t\t\t\t\tenable:true,\n\t\t\t\t\t\t\t\t\t\ttmp:\"<span class=\\\"tp-thumb-img-wrap\\\">  <span class=\\\"tp-thumb-image\\\"><\/span><\/span>\",\n\t\t\t\t\t\t\t\t\t\tstyle:\"gyges\",\n\t\t\t\t\t\t\t\t\t\tv_offset:0,\n\t\t\t\t\t\t\t\t\t\tspace:5,\n\t\t\t\t\t\t\t\t\t\twidth:70,\n\t\t\t\t\t\t\t\t\t\theight:70,\n\t\t\t\t\t\t\t\t\t\twrapper_padding:5,\n\t\t\t\t\t\t\t\t\t\twrapper_color:\"transparent\",\n\t\t\t\t\t\t\t\t\t\tvisibleAmount:7,\n\t\t\t\t\t\t\t\t\t\tposition:\"outer-horizontal\"\n\t\t\t\t\t\t\t\t\t}\n\t\t\t\t\t\t\t\t},\n\t\t\t\t\t\t\t\tfallbacks: {\n\t\t\t\t\t\t\t\t\tallowHTML5AutoPlayOnAndroid:true\n\t\t\t\t\t\t\t\t},\n\t\t\t\t\t\t\t});\n\t\t\t\t\t\t}\n\t\t\t\t\t\t\n\t\t\t\t\t});\n\t\t\t\t<\/script>\n\t\t\t\t<script>\n\t\t\t\t\tvar htmlDivCss = unescape(\"%23rev_slider_3_1_wrapper%20.hesperiden.tparrows%20%7B%0A%09cursor%3Apointer%3B%0A%09background%3Argba%280%2C0%2C0%2C0.5%29%3B%0A%09width%3A40px%3B%0A%09height%3A40px%3B%0A%09position%3Aabsolute%3B%0A%09display%3Ablock%3B%0A%09z-index%3A1000%3B%0A%20%20%20%20border-radius%3A%2050%25%3B%0A%7D%0A%23rev_slider_3_1_wrapper%20.hesperiden.tparrows%3Ahover%20%7B%0A%09background%3A%23000000%3B%0A%7D%0A%23rev_slider_3_1_wrapper%20.hesperiden.tparrows%3Abefore%20%7B%0A%09font-family%3A%20%27revicons%27%3B%0A%09font-size%3A20px%3B%0A%09color%3A%23ffffff%3B%0A%09display%3Ablock%3B%0A%09line-height%3A%2040px%3B%0A%09text-align%3A%20center%3B%0A%7D%0A%23rev_slider_3_1_wrapper%20.hesperiden.tparrows.tp-leftarrow%3Abefore%20%7B%0A%09content%3A%20%27%5Ce82c%27%3B%0A%20%20%20%20margin-left%3A-3px%3B%0A%7D%0A%23rev_slider_3_1_wrapper%20.hesperiden.tparrows.tp-rightarrow%3Abefore%20%7B%0A%09content%3A%20%27%5Ce82d%27%3B%0A%20%20%20%20margin-right%3A-3px%3B%0A%7D%0A%23rev_slider_3_1_wrapper%20.gyges%20.tp-thumb%20%7B%20%0A%20%20%20%20%20%20opacity%3A1%0A%20%20%7D%0A%23rev_slider_3_1_wrapper%20.gyges%20.tp-thumb-img-wrap%20%7B%0A%20%20padding%3A3px%3B%0A%20%20background-color%3Argba%280%2C0%2C0%2C0.25%29%3B%0A%20%20display%3Ainline-block%3B%0A%0A%20%20width%3A100%25%3B%0A%20%20height%3A100%25%3B%0A%20%20position%3Arelative%3B%0A%20%20margin%3A0px%3B%0A%20%20box-sizing%3Aborder-box%3B%0A%20%20%20%20transition%3Aall%200.3s%3B%0A%20%20%20%20-webkit-transition%3Aall%200.3s%3B%0A%7D%0A%23rev_slider_3_1_wrapper%20.gyges%20.tp-thumb-image%20%7B%0A%20%20%20padding%3A3px%3B%20%0A%20%20%20display%3Ablock%3B%0A%20%20%20box-sizing%3Aborder-box%3B%0A%20%20%20position%3Arelative%3B%0A%20%20%20%20-webkit-box-shadow%3A%20inset%205px%205px%2010px%200px%20rgba%280%2C0%2C0%2C0.25%29%3B%0A%20%20-moz-box-shadow%3A%20inset%205px%205px%2010px%200px%20rgba%280%2C0%2C0%2C0.25%29%3B%0A%20%20box-shadow%3A%20inset%205px%205px%2010px%200px%20rgba%280%2C0%2C0%2C0.25%29%3B%0A%20%7D%20%20%0A%0A%23rev_slider_3_1_wrapper%20.gyges%20.tp-thumb%3Ahover%20.tp-thumb-img-wrap%2C%0A%20%23rev_slider_3_1_wrapper%20.gyges%20.tp-thumb.selected%20.tp-thumb-img-wrap%20%7B%0A%20%20%20%20background%3A%20-moz-linear-gradient%28top%2C%20%20%23ffffff%200%25%2C%20%23777777%20100%25%29%3B%0Abackground%3A%20-webkit-gradient%28left%20top%2C%20left%20bottom%2C%20color-stop%280%25%2C%20%23ffffff%2C%20color-stop%28100%25%2C%20%23777777%29%29%29%3B%0Abackground%3A%20-webkit-linear-gradient%28top%2C%20%23ffffff%200%25%2C%20%23777777%20100%25%29%3B%0Abackground%3A%20-o-linear-gradient%28top%2C%20%23ffffff%200%25%2C%20%23777777%20100%25%29%3B%0Abackground%3A%20-ms-linear-gradient%28top%2C%20%23ffffff%200%25%2C%20%23777777%20100%25%29%3B%0Abackground%3A%20linear-gradient%28to%20bottom%2C%20%23ffffff%200%25%2C%20%23777777%20100%25%29%3B%0A%0A%7D%0A%0A%0A\");\n\t\t\t\t\tvar htmlDiv = document.getElementById('rs-plugin-settings-inline-css');\n\t\t\t\t\tif(htmlDiv) {\n\t\t\t\t\t\thtmlDiv.innerHTML = htmlDiv.innerHTML + htmlDivCss;\n\t\t\t\t\t}else{\n\t\t\t\t\t\tvar htmlDiv = document.createElement('div');\n\t\t\t\t\t\thtmlDiv.innerHTML = '<style>' + htmlDivCss + '<\/style>';\n\t\t\t\t\t\tdocument.getElementsByTagName('head')[0].appendChild(htmlDiv.childNodes[0]);\n\t\t\t\t\t}\n\t\t\t\t<\/script>\n\t\t\t\t<script>\n\t\t\t\t\tvar htmlDivCss = unescape(\"%0A%0A%0A%0A%0A%0A%0A%0A%0A%0A%0A%0A\");\n\t\t\t\t\tvar htmlDiv = document.getElementById('rs-plugin-settings-inline-css');\n\t\t\t\t\tif(htmlDiv) {\n\t\t\t\t\t\thtmlDiv.innerHTML = htmlDiv.innerHTML + htmlDivCss;\n\t\t\t\t\t}else{\n\t\t\t\t\t\tvar htmlDiv = document.createElement('div');\n\t\t\t\t\t\thtmlDiv.innerHTML = '<style>' + htmlDivCss + '<\/style>';\n\t\t\t\t\t\tdocument.getElementsByTagName('head')[0].appendChild(htmlDiv.childNodes[0]);\n\t\t\t\t\t}\n\t\t\t\t<\/script>\n\t\t\t<\/rs-module-wrap>\n\t\t\t<!-- END REVOLUTION SLIDER -->\n[vc_empty_space][\/vc_column][\/vc_row]<\/p>\n","protected":false},"excerpt":{"rendered":"<p>[vc_row][vc_column width=&#8221;1\/2&#8243;][vc_column_text]Cel\u00e1 chata: od 10100,- K\u010d \/ noc v zimn\u00ed sezon\u011b &#8211; cel\u00e1 chata od 8600,- K\u010d\/ noc v zimn\u00ed sezon\u011b bez apartm\u00e1 &#8211; jen 1.patro od 8600,- K\u010d \/noc\u00a0 v letn\u00ed sezon\u011b &#8211; cel\u00e1 chata od 7500,- K\u010d\/noc &#8211; v letn\u00ed sezon\u011b bez apartm\u00e1 Zimn\u00ed sezona\u00a0 prosinec &#8211; duben Apartm\u00e1: 580,- K\u010d os.\/noc 470,-<\/p>\n<a href=\"https:\/\/chatapecka.cz\/index.php\/cenik\/\" class=\"sohohotel-more-link\">Read More<i class=\"fa fa-angle-right\"><\/i><\/a>","protected":false},"author":1,"featured_media":0,"parent":0,"menu_order":0,"comment_status":"closed","ping_status":"closed","template":"","meta":[],"_links":{"self":[{"href":"https:\/\/chatapecka.cz\/index.php\/wp-json\/wp\/v2\/pages\/21"}],"collection":[{"href":"https:\/\/chatapecka.cz\/index.php\/wp-json\/wp\/v2\/pages"}],"about":[{"href":"https:\/\/chatapecka.cz\/index.php\/wp-json\/wp\/v2\/types\/page"}],"author":[{"embeddable":true,"href":"https:\/\/chatapecka.cz\/index.php\/wp-json\/wp\/v2\/users\/1"}],"replies":[{"embeddable":true,"href":"https:\/\/chatapecka.cz\/index.php\/wp-json\/wp\/v2\/comments?post=21"}],"version-history":[{"count":25,"href":"https:\/\/chatapecka.cz\/index.php\/wp-json\/wp\/v2\/pages\/21\/revisions"}],"predecessor-version":[{"id":399,"href":"https:\/\/chatapecka.cz\/index.php\/wp-json\/wp\/v2\/pages\/21\/revisions\/399"}],"wp:attachment":[{"href":"https:\/\/chatapecka.cz\/index.php\/wp-json\/wp\/v2\/media?parent=21"}],"curies":[{"name":"wp","href":"https:\/\/api.w.org\/{rel}","templated":true}]}}