{"id":157,"date":"2020-02-03T12:20:28","date_gmt":"2020-02-03T12:20:28","guid":{"rendered":"https:\/\/chatapecka.cz\/?page_id=157"},"modified":"2020-06-13T12:17:09","modified_gmt":"2020-06-13T12:17:09","slug":"contact","status":"publish","type":"page","link":"https:\/\/chatapecka.cz\/en\/index.php\/contact\/","title":{"rendered":"Contact"},"content":{"rendered":"<p>[vc_row][vc_column width=&#8221;1\/2&#8243;][vc_column_text]<\/p>\n<h3>CHATA PECKA<\/h3>\n<p>542 21, Pec pod Sn\u011b\u017ekou \u010d.p. 171<br \/>\nCzech Republic<\/p>\n<p>Ms. Alena Sittov\u00e1, tel. : +420 603103041<\/p>\n<p>e-mail :\u00a0<a href=\"mailto:sittova.pecka@seznam.cz\">sittova.pecka@seznam.cz<\/a>[\/vc_column_text][\/vc_column][vc_column width=&#8221;1\/2&#8243;][vc_raw_html]JTNDZGl2JTIwY2xhc3MlM0QlMjJmdWxsLXdpZHRoLW1hcCUyMiUzRSUzQ2lmcmFtZSUyMHN0eWxlJTNEJTIyYm9yZGVyJTNBbm9uZSUyMiUyMHNyYyUzRCUyMmh0dHBzJTNBJTJGJTJGZW4uZnJhbWUubWFweS5jeiUyRnMlMkZtYWxldG9sZXNvJTIyJTIwd2lkdGglM0QlMjIxMDAlMjUlMjIlMjBoZWlnaHQlM0QlMjIzMzMlMjIlMjBmcmFtZWJvcmRlciUzRCUyMjAlMjIlM0UlM0MlMkZpZnJhbWUlM0UlM0MlMkZkaXYlM0U=[\/vc_raw_html][\/vc_column][\/vc_row]<\/p>\n","protected":false},"excerpt":{"rendered":"<p>[vc_row][vc_column width=&#8221;1\/2&#8243;][vc_column_text] CHATA PECKA 542 21, Pec pod Sn\u011b\u017ekou \u010d.p. 171 Czech Republic Ms. Alena Sittov\u00e1, tel. : +420 603103041 e-mail :\u00a0sittova.pecka@seznam.cz[\/vc_column_text][\/vc_column][vc_column width=&#8221;1\/2&#8243;][vc_raw_html]JTNDZGl2JTIwY2xhc3MlM0QlMjJmdWxsLXdpZHRoLW1hcCUyMiUzRSUzQ2lmcmFtZSUyMHN0eWxlJTNEJTIyYm9yZGVyJTNBbm9uZSUyMiUyMHNyYyUzRCUyMmh0dHBzJTNBJTJGJTJGZW4uZnJhbWUubWFweS5jeiUyRnMlMkZtYWxldG9sZXNvJTIyJTIwd2lkdGglM0QlMjIxMDAlMjUlMjIlMjBoZWlnaHQlM0QlMjIzMzMlMjIlMjBmcmFtZWJvcmRlciUzRCUyMjAlMjIlM0UlM0MlMkZpZnJhbWUlM0UlM0MlMkZkaXYlM0U=[\/vc_raw_html][\/vc_column][\/vc_row]<\/p>\n<a href=\"https:\/\/chatapecka.cz\/en\/index.php\/contact\/\" class=\"sohohotel-more-link\">Read More<i class=\"fa fa-angle-right\"><\/i><\/a>","protected":false},"author":1,"featured_media":0,"parent":0,"menu_order":0,"comment_status":"closed","ping_status":"closed","template":"","meta":[],"_links":{"self":[{"href":"https:\/\/chatapecka.cz\/index.php\/wp-json\/wp\/v2\/pages\/157"}],"collection":[{"href":"https:\/\/chatapecka.cz\/index.php\/wp-json\/wp\/v2\/pages"}],"about":[{"href":"https:\/\/chatapecka.cz\/index.php\/wp-json\/wp\/v2\/types\/page"}],"author":[{"embeddable":true,"href":"https:\/\/chatapecka.cz\/index.php\/wp-json\/wp\/v2\/users\/1"}],"replies":[{"embeddable":true,"href":"https:\/\/chatapecka.cz\/index.php\/wp-json\/wp\/v2\/comments?post=157"}],"version-history":[{"count":2,"href":"https:\/\/chatapecka.cz\/index.php\/wp-json\/wp\/v2\/pages\/157\/revisions"}],"predecessor-version":[{"id":325,"href":"https:\/\/chatapecka.cz\/index.php\/wp-json\/wp\/v2\/pages\/157\/revisions\/325"}],"wp:attachment":[{"href":"https:\/\/chatapecka.cz\/index.php\/wp-json\/wp\/v2\/media?parent=157"}],"curies":[{"name":"wp","href":"https:\/\/api.w.org\/{rel}","templated":true}]}}