{"id":14,"date":"2020-02-01T15:54:47","date_gmt":"2020-02-01T15:54:47","guid":{"rendered":"https:\/\/chatapecka.cz\/?page_id=14"},"modified":"2020-08-18T12:01:54","modified_gmt":"2020-08-18T12:01:54","slug":"ubytovani","status":"publish","type":"page","link":"https:\/\/chatapecka.cz\/index.php\/ubytovani\/","title":{"rendered":"Ubytov\u00e1n\u00ed"},"content":{"rendered":"<p>[vc_section][vc_row][vc_column width=&#8221;1\/2&#8243;][vc_column_text]<\/p>\n<div class=\"text\">\n<p>Chata s ubytovac\u00ed kapacitou cca 20 osob je po celkov\u00e9 rozs\u00e1hl\u00e9 rekonstrukci. Interi\u00e9ry jsou vybaveny n\u00e1bytkem, osv\u011btlen\u00edm a mnoha dopl\u0148ky ve stylu 40.-60.let 20.stolet\u00ed (retro-Brusel styl). Vkusn\u00e9 vybaven\u00ed vytv\u00e1\u0159\u00ed p\u0159\u00e1telskou atmosf\u00e9ru ide\u00e1ln\u00ed k pron\u00e1jmu cel\u00e9 chaty skupin\u011b pro sportovn\u00ed a spole\u010densk\u00e1 setk\u00e1n\u00ed.<\/p>\n<p>V p\u0159\u00edzem\u00ed chaty je samostatn\u00e9 apartm\u00e1 pro 2 &#8211; 4 osoby s vlastn\u00ed pln\u011b vybavenou kuchy\u0148kou, koupelnou a WC, v\u00fdhledem do klidov\u00e9 z\u00f3ny k potoku a vlastn\u00edm TV. Apartm\u00e1 je bezbari\u00e9rov\u00e9, vhodn\u00e9 i pro pobyt imobiln\u00edch osob.<\/p>\n<p>V pat\u0159e chaty je um\u00edst\u011bno \u0161est 2-4 l\u016f\u017ekov\u00fdch pokoj\u016f, jeden \u010dty\u0159l\u016f\u017ekov\u00fd pokoj m\u00e1 vlastn\u00ed TV a umyvadlo v pokoji a\u00a0na dal\u0161\u00edm je nov\u00e1 TV.\u00a0V pat\u0159e je WC s umyvadlem, kompletn\u00ed nov\u00e9 soci\u00e1ln\u00ed z\u00e1zem\u00ed je v p\u0159\u00edzem\u00ed.<\/p>\n<p>Ve v\u0161ech prostor\u00e1ch chaty je z\u00e1kaz kou\u0159en\u00ed.<\/p>\n<p>Silvestrovsk\u00fd term\u00edn je obsazen.<\/p>\n<p>Storno podm\u00ednky &#8211; v zimn\u00ed sezon\u011b vyb\u00edr\u00e1me z\u00e1lohu na pobyt ve v\u00fd\u0161i 50% z ceny pobytu. Storno pobytu 30dn\u00ed p\u0159ed n\u00e1stupem-vrac\u00edme 100% ze z\u00e1lohy,do 14dn\u016f p\u0159ed n\u00e1stupem &#8211; 50%ze z\u00e1lohy,do 7dn\u016f 25% ze z\u00e1lohy na pobyt. Pozd\u011bj\u0161\u00ed zru\u0161en\u00ed rezervace je u\u017e bez navr\u00e1cen\u00ed z\u00e1lohy.<\/p>\n<p>Po dohod\u011b s ubytovatelem m\u016f\u017ee b\u00fdt z\u00e1loha p\u0159esunuta na jin\u00fd term\u00edn v sezon\u011b.<\/p>\n<p>U pron\u00e1jmu cel\u00e9 chaty vyb\u00edr\u00e1me z\u00e1lohu po cel\u00fd rok.<\/p>\n<\/div>\n<p>[\/vc_column_text][vc_empty_space][\/vc_column][vc_column width=&#8221;1\/2&#8243;]\n\t\t\t<!-- START ubytovani REVOLUTION SLIDER 6.1.5 --><p class=\"rs-p-wp-fix\"><\/p>\n\t\t\t<rs-module-wrap id=\"rev_slider_2_1_wrapper\" data-source=\"gallery\" style=\"background:transparent;padding:0;margin:0px auto;margin-top:0;margin-bottom:0;\">\n\t\t\t\t<rs-module id=\"rev_slider_2_1\" style=\"display:none;\" data-version=\"6.1.5\">\n\t\t\t\t\t<rs-slides>\n\t\t\t\t\t\t<rs-slide data-key=\"rs-64\" data-title=\"Slide\" data-thumb=\"\/\/chatapecka.cz\/wp-content\/uploads\/2020\/06\/DSC_5352.jpg\" data-anim=\"ei:d;eo:d;s:1000;r:0;t:fade;sl:0;\">\n\t\t\t\t\t\t\t<img src=\"\/\/chatapecka.cz\/wp-content\/uploads\/2020\/06\/DSC_5352.jpg\" title=\"Ubytov\u00e1n\u00ed\" class=\"rev-slidebg\" data-no-retina>\n<!---->\t\t\t\t\t\t<\/rs-slide>\n\t\t\t\t\t\t<rs-slide data-key=\"rs-58\" data-title=\"Slide\" data-thumb=\"\/\/chatapecka.cz\/wp-content\/uploads\/2020\/06\/DSC_5169.jpg\" data-anim=\"ei:d;eo:d;s:1000;r:0;t:fade;sl:0;\">\n\t\t\t\t\t\t\t<img src=\"\/\/chatapecka.cz\/wp-content\/uploads\/2020\/06\/DSC_5169.jpg\" title=\"Ubytov\u00e1n\u00ed\" class=\"rev-slidebg\" data-no-retina>\n<!---->\t\t\t\t\t\t<\/rs-slide>\n\t\t\t\t\t\t<rs-slide data-key=\"rs-49\" data-title=\"Slide\" data-thumb=\"\/\/chatapecka.cz\/wp-content\/uploads\/2020\/06\/DSC_5055.jpg\" data-anim=\"ei:d;eo:d;s:1000;r:0;t:fade;sl:0;\">\n\t\t\t\t\t\t\t<img src=\"\/\/chatapecka.cz\/wp-content\/uploads\/2020\/06\/DSC_5055.jpg\" title=\"Ubytov\u00e1n\u00ed\" class=\"rev-slidebg\" data-no-retina>\n<!---->\t\t\t\t\t\t<\/rs-slide>\n\t\t\t\t\t\t<rs-slide data-key=\"rs-50\" data-title=\"Slide\" data-thumb=\"\/\/chatapecka.cz\/wp-content\/uploads\/2020\/06\/DSC_5091.jpg\" data-anim=\"ei:d;eo:d;s:1000;r:0;t:fade;sl:0;\">\n\t\t\t\t\t\t\t<img src=\"\/\/chatapecka.cz\/wp-content\/uploads\/2020\/06\/DSC_5091.jpg\" title=\"Ubytov\u00e1n\u00ed\" class=\"rev-slidebg\" data-no-retina>\n<!---->\t\t\t\t\t\t<\/rs-slide>\n\t\t\t\t\t\t<rs-slide data-key=\"rs-51\" data-title=\"Slide\" data-thumb=\"\/\/chatapecka.cz\/wp-content\/uploads\/2020\/06\/DSC_5107.jpg\" data-anim=\"ei:d;eo:d;s:1000;r:0;t:fade;sl:0;\">\n\t\t\t\t\t\t\t<img src=\"\/\/chatapecka.cz\/wp-content\/uploads\/2020\/06\/DSC_5107.jpg\" title=\"Ubytov\u00e1n\u00ed\" class=\"rev-slidebg\" data-no-retina>\n<!---->\t\t\t\t\t\t<\/rs-slide>\n\t\t\t\t\t\t<rs-slide data-key=\"rs-53\" data-title=\"Slide\" data-thumb=\"\/\/chatapecka.cz\/wp-content\/uploads\/2020\/06\/DSC_5120.jpg\" data-anim=\"ei:d;eo:d;s:1000;r:0;t:fade;sl:0;\">\n\t\t\t\t\t\t\t<img src=\"\/\/chatapecka.cz\/wp-content\/uploads\/2020\/06\/DSC_5120.jpg\" title=\"Ubytov\u00e1n\u00ed\" class=\"rev-slidebg\" data-no-retina>\n<!---->\t\t\t\t\t\t<\/rs-slide>\n\t\t\t\t\t\t<rs-slide data-key=\"rs-54\" data-title=\"Slide\" data-thumb=\"\/\/chatapecka.cz\/wp-content\/uploads\/2020\/06\/DSC_5132.jpg\" data-anim=\"ei:d;eo:d;s:1000;r:0;t:fade;sl:0;\">\n\t\t\t\t\t\t\t<img src=\"\/\/chatapecka.cz\/wp-content\/uploads\/2020\/06\/DSC_5132.jpg\" title=\"Ubytov\u00e1n\u00ed\" class=\"rev-slidebg\" data-no-retina>\n<!---->\t\t\t\t\t\t<\/rs-slide>\n\t\t\t\t\t\t<rs-slide data-key=\"rs-55\" data-title=\"Slide\" data-thumb=\"\/\/chatapecka.cz\/wp-content\/uploads\/2020\/06\/DSC_5143.jpg\" data-anim=\"ei:d;eo:d;s:1000;r:0;t:fade;sl:0;\">\n\t\t\t\t\t\t\t<img src=\"\/\/chatapecka.cz\/wp-content\/uploads\/2020\/06\/DSC_5143.jpg\" title=\"Ubytov\u00e1n\u00ed\" class=\"rev-slidebg\" data-no-retina>\n<!---->\t\t\t\t\t\t<\/rs-slide>\n\t\t\t\t\t\t<rs-slide data-key=\"rs-56\" data-title=\"Slide\" data-thumb=\"\/\/chatapecka.cz\/wp-content\/uploads\/2020\/06\/DSC_5147.jpg\" data-anim=\"ei:d;eo:d;s:1000;r:0;t:fade;sl:0;\">\n\t\t\t\t\t\t\t<img src=\"\/\/chatapecka.cz\/wp-content\/uploads\/2020\/06\/DSC_5147.jpg\" title=\"Ubytov\u00e1n\u00ed\" class=\"rev-slidebg\" data-no-retina>\n<!---->\t\t\t\t\t\t<\/rs-slide>\n\t\t\t\t\t\t<rs-slide data-key=\"rs-57\" data-title=\"Slide\" data-thumb=\"\/\/chatapecka.cz\/wp-content\/uploads\/2020\/06\/DSC_5154.jpg\" data-anim=\"ei:d;eo:d;s:1000;r:0;t:fade;sl:0;\">\n\t\t\t\t\t\t\t<img src=\"\/\/chatapecka.cz\/wp-content\/uploads\/2020\/06\/DSC_5154.jpg\" title=\"Ubytov\u00e1n\u00ed\" class=\"rev-slidebg\" data-no-retina>\n<!---->\t\t\t\t\t\t<\/rs-slide>\n\t\t\t\t\t\t<rs-slide data-key=\"rs-60\" data-title=\"Slide\" data-thumb=\"\/\/chatapecka.cz\/wp-content\/uploads\/2020\/06\/DSC_5190.jpg\" data-anim=\"ei:d;eo:d;s:1000;r:0;t:fade;sl:0;\">\n\t\t\t\t\t\t\t<img src=\"\/\/chatapecka.cz\/wp-content\/uploads\/2020\/06\/DSC_5190.jpg\" title=\"Ubytov\u00e1n\u00ed\" class=\"rev-slidebg\" data-no-retina>\n<!---->\t\t\t\t\t\t<\/rs-slide>\n\t\t\t\t\t\t<rs-slide data-key=\"rs-61\" data-title=\"Slide\" data-thumb=\"\/\/chatapecka.cz\/wp-content\/uploads\/2020\/06\/DSC_5228.jpg\" data-anim=\"ei:d;eo:d;s:1000;r:0;t:fade;sl:0;\">\n\t\t\t\t\t\t\t<img src=\"\/\/chatapecka.cz\/wp-content\/uploads\/2020\/06\/DSC_5228.jpg\" title=\"Ubytov\u00e1n\u00ed\" class=\"rev-slidebg\" data-no-retina>\n<!---->\t\t\t\t\t\t<\/rs-slide>\n\t\t\t\t\t\t<rs-slide data-key=\"rs-62\" data-title=\"Slide\" data-thumb=\"\/\/chatapecka.cz\/wp-content\/uploads\/2020\/06\/DSC_5231.jpg\" data-anim=\"ei:d;eo:d;s:1000;r:0;t:fade;sl:0;\">\n\t\t\t\t\t\t\t<img src=\"\/\/chatapecka.cz\/wp-content\/uploads\/2020\/06\/DSC_5231.jpg\" title=\"Ubytov\u00e1n\u00ed\" class=\"rev-slidebg\" data-no-retina>\n<!---->\t\t\t\t\t\t<\/rs-slide>\n\t\t\t\t\t\t<rs-slide data-key=\"rs-63\" data-title=\"Slide\" data-thumb=\"\/\/chatapecka.cz\/wp-content\/uploads\/2020\/06\/DSC_5328.jpg\" data-anim=\"ei:d;eo:d;s:1000;r:0;t:fade;sl:0;\">\n\t\t\t\t\t\t\t<img src=\"\/\/chatapecka.cz\/wp-content\/uploads\/2020\/06\/DSC_5328.jpg\" title=\"Ubytov\u00e1n\u00ed\" class=\"rev-slidebg\" data-no-retina>\n<!---->\t\t\t\t\t\t<\/rs-slide>\n\t\t\t\t\t\t<rs-slide data-key=\"rs-65\" data-title=\"Slide\" data-thumb=\"\/\/chatapecka.cz\/wp-content\/uploads\/2020\/06\/DSC_5360.jpg\" data-anim=\"ei:d;eo:d;s:1000;r:0;t:fade;sl:0;\">\n\t\t\t\t\t\t\t<img src=\"\/\/chatapecka.cz\/wp-content\/uploads\/2020\/06\/DSC_5360.jpg\" title=\"Ubytov\u00e1n\u00ed\" class=\"rev-slidebg\" data-no-retina>\n<!---->\t\t\t\t\t\t<\/rs-slide>\n\t\t\t\t\t\t<rs-slide data-key=\"rs-66\" data-title=\"Slide\" data-thumb=\"\/\/chatapecka.cz\/wp-content\/uploads\/2020\/06\/DSC_5163-1.jpg\" data-anim=\"ei:d;eo:d;s:1000;r:0;t:fade;sl:0;\">\n\t\t\t\t\t\t\t<img src=\"\/\/chatapecka.cz\/wp-content\/uploads\/2020\/06\/DSC_5163-1.jpg\" title=\"Ubytov\u00e1n\u00ed\" class=\"rev-slidebg\" data-no-retina>\n<!---->\t\t\t\t\t\t<\/rs-slide>\n\t\t\t\t\t<\/rs-slides>\n\t\t\t\t\t<rs-progress class=\"rs-bottom\" style=\"visibility: hidden !important;\"><\/rs-progress>\n\t\t\t\t<\/rs-module>\n\t\t\t\t<script type=\"text\/javascript\">\n\t\t\t\t\tsetREVStartSize({c: 'rev_slider_2_1',rl:[1240,1024,778,480],el:[370],gw:[550],gh:[370],layout:'fullwidth',thumbh:\"80\",mh:\"0\"});\n\t\t\t\t\tvar\trevapi2,\n\t\t\t\t\t\ttpj;\n\t\t\t\t\tjQuery(function() {\n\t\t\t\t\t\ttpj = jQuery;\n\t\t\t\t\t\tif(tpj(\"#rev_slider_2_1\").revolution == undefined){\n\t\t\t\t\t\t\trevslider_showDoubleJqueryError(\"#rev_slider_2_1\");\n\t\t\t\t\t\t}else{\n\t\t\t\t\t\t\trevapi2 = tpj(\"#rev_slider_2_1\").show().revolution({\n\t\t\t\t\t\t\t\tjsFileLocation:\"\/\/chatapecka.cz\/wp-content\/plugins\/revslider\/public\/assets\/js\/\",\n\t\t\t\t\t\t\t\tvisibilityLevels:\"1240,1024,778,480\",\n\t\t\t\t\t\t\t\tgridwidth:550,\n\t\t\t\t\t\t\t\tgridheight:370,\n\t\t\t\t\t\t\t\tminHeight:\"\",\n\t\t\t\t\t\t\t\tspinner:\"spinner0\",\n\t\t\t\t\t\t\t\teditorheight:\"370,768,960,720\",\n\t\t\t\t\t\t\t\tresponsiveLevels:\"1240,1024,778,480\",\n\t\t\t\t\t\t\t\tdisableProgressBar:\"on\",\n\t\t\t\t\t\t\t\tnavigation: {\n\t\t\t\t\t\t\t\t\tonHoverStop:false,\n\t\t\t\t\t\t\t\t\tarrows: {\n\t\t\t\t\t\t\t\t\t\tenable:true,\n\t\t\t\t\t\t\t\t\t\tstyle:\"hesperiden\",\n\t\t\t\t\t\t\t\t\t\tleft: {\n\t\t\t\t\t\t\t\t\t\t\th_offset:30\n\t\t\t\t\t\t\t\t\t\t},\n\t\t\t\t\t\t\t\t\t\tright: {\n\t\t\t\t\t\t\t\t\t\t\th_offset:30\n\t\t\t\t\t\t\t\t\t\t}\n\t\t\t\t\t\t\t\t\t},\n\t\t\t\t\t\t\t\t\tthumbnails: {\n\t\t\t\t\t\t\t\t\t\tenable:true,\n\t\t\t\t\t\t\t\t\t\ttmp:\"<span class=\\\"tp-thumb-img-wrap\\\">  <span class=\\\"tp-thumb-image\\\"><\/span><\/span>\",\n\t\t\t\t\t\t\t\t\t\tstyle:\"gyges\",\n\t\t\t\t\t\t\t\t\t\tv_offset:0,\n\t\t\t\t\t\t\t\t\t\tspace:5,\n\t\t\t\t\t\t\t\t\t\twidth:70,\n\t\t\t\t\t\t\t\t\t\theight:70,\n\t\t\t\t\t\t\t\t\t\twrapper_padding:5,\n\t\t\t\t\t\t\t\t\t\twrapper_color:\"transparent\",\n\t\t\t\t\t\t\t\t\t\tvisibleAmount:7,\n\t\t\t\t\t\t\t\t\t\tposition:\"outer-horizontal\"\n\t\t\t\t\t\t\t\t\t}\n\t\t\t\t\t\t\t\t},\n\t\t\t\t\t\t\t\tfallbacks: {\n\t\t\t\t\t\t\t\t\tallowHTML5AutoPlayOnAndroid:true\n\t\t\t\t\t\t\t\t},\n\t\t\t\t\t\t\t});\n\t\t\t\t\t\t}\n\t\t\t\t\t\t\n\t\t\t\t\t});\n\t\t\t\t<\/script>\n\t\t\t\t<script>\n\t\t\t\t\tvar htmlDivCss = unescape(\"%23rev_slider_2_1_wrapper%20.hesperiden.tparrows%20%7B%0A%09cursor%3Apointer%3B%0A%09background%3Argba%280%2C0%2C0%2C0.5%29%3B%0A%09width%3A40px%3B%0A%09height%3A40px%3B%0A%09position%3Aabsolute%3B%0A%09display%3Ablock%3B%0A%09z-index%3A1000%3B%0A%20%20%20%20border-radius%3A%2050%25%3B%0A%7D%0A%23rev_slider_2_1_wrapper%20.hesperiden.tparrows%3Ahover%20%7B%0A%09background%3A%23000000%3B%0A%7D%0A%23rev_slider_2_1_wrapper%20.hesperiden.tparrows%3Abefore%20%7B%0A%09font-family%3A%20%27revicons%27%3B%0A%09font-size%3A20px%3B%0A%09color%3A%23ffffff%3B%0A%09display%3Ablock%3B%0A%09line-height%3A%2040px%3B%0A%09text-align%3A%20center%3B%0A%7D%0A%23rev_slider_2_1_wrapper%20.hesperiden.tparrows.tp-leftarrow%3Abefore%20%7B%0A%09content%3A%20%27%5Ce82c%27%3B%0A%20%20%20%20margin-left%3A-3px%3B%0A%7D%0A%23rev_slider_2_1_wrapper%20.hesperiden.tparrows.tp-rightarrow%3Abefore%20%7B%0A%09content%3A%20%27%5Ce82d%27%3B%0A%20%20%20%20margin-right%3A-3px%3B%0A%7D%0A%23rev_slider_2_1_wrapper%20.gyges%20.tp-thumb%20%7B%20%0A%20%20%20%20%20%20opacity%3A1%0A%20%20%7D%0A%23rev_slider_2_1_wrapper%20.gyges%20.tp-thumb-img-wrap%20%7B%0A%20%20padding%3A3px%3B%0A%20%20background-color%3Argba%280%2C0%2C0%2C0.25%29%3B%0A%20%20display%3Ainline-block%3B%0A%0A%20%20width%3A100%25%3B%0A%20%20height%3A100%25%3B%0A%20%20position%3Arelative%3B%0A%20%20margin%3A0px%3B%0A%20%20box-sizing%3Aborder-box%3B%0A%20%20%20%20transition%3Aall%200.3s%3B%0A%20%20%20%20-webkit-transition%3Aall%200.3s%3B%0A%7D%0A%23rev_slider_2_1_wrapper%20.gyges%20.tp-thumb-image%20%7B%0A%20%20%20padding%3A3px%3B%20%0A%20%20%20display%3Ablock%3B%0A%20%20%20box-sizing%3Aborder-box%3B%0A%20%20%20position%3Arelative%3B%0A%20%20%20%20-webkit-box-shadow%3A%20inset%205px%205px%2010px%200px%20rgba%280%2C0%2C0%2C0.25%29%3B%0A%20%20-moz-box-shadow%3A%20inset%205px%205px%2010px%200px%20rgba%280%2C0%2C0%2C0.25%29%3B%0A%20%20box-shadow%3A%20inset%205px%205px%2010px%200px%20rgba%280%2C0%2C0%2C0.25%29%3B%0A%20%7D%20%20%0A%0A%23rev_slider_2_1_wrapper%20.gyges%20.tp-thumb%3Ahover%20.tp-thumb-img-wrap%2C%0A%20%23rev_slider_2_1_wrapper%20.gyges%20.tp-thumb.selected%20.tp-thumb-img-wrap%20%7B%0A%20%20%20%20background%3A%20-moz-linear-gradient%28top%2C%20%20%23ffffff%200%25%2C%20%23777777%20100%25%29%3B%0Abackground%3A%20-webkit-gradient%28left%20top%2C%20left%20bottom%2C%20color-stop%280%25%2C%20%23ffffff%2C%20color-stop%28100%25%2C%20%23777777%29%29%29%3B%0Abackground%3A%20-webkit-linear-gradient%28top%2C%20%23ffffff%200%25%2C%20%23777777%20100%25%29%3B%0Abackground%3A%20-o-linear-gradient%28top%2C%20%23ffffff%200%25%2C%20%23777777%20100%25%29%3B%0Abackground%3A%20-ms-linear-gradient%28top%2C%20%23ffffff%200%25%2C%20%23777777%20100%25%29%3B%0Abackground%3A%20linear-gradient%28to%20bottom%2C%20%23ffffff%200%25%2C%20%23777777%20100%25%29%3B%0A%0A%7D%0A%0A%0A\");\n\t\t\t\t\tvar htmlDiv = document.getElementById('rs-plugin-settings-inline-css');\n\t\t\t\t\tif(htmlDiv) {\n\t\t\t\t\t\thtmlDiv.innerHTML = htmlDiv.innerHTML + htmlDivCss;\n\t\t\t\t\t}else{\n\t\t\t\t\t\tvar htmlDiv = document.createElement('div');\n\t\t\t\t\t\thtmlDiv.innerHTML = '<style>' + htmlDivCss + '<\/style>';\n\t\t\t\t\t\tdocument.getElementsByTagName('head')[0].appendChild(htmlDiv.childNodes[0]);\n\t\t\t\t\t}\n\t\t\t\t<\/script>\n\t\t\t\t<script>\n\t\t\t\t\tvar htmlDivCss = unescape(\"%0A%0A%0A%0A%0A%0A%0A%0A%0A%0A%0A%0A%0A%0A%0A%0A%0A%0A%0A%0A%0A%0A%0A%0A%0A%0A%0A%0A%0A%0A%0A%0A\");\n\t\t\t\t\tvar htmlDiv = document.getElementById('rs-plugin-settings-inline-css');\n\t\t\t\t\tif(htmlDiv) {\n\t\t\t\t\t\thtmlDiv.innerHTML = htmlDiv.innerHTML + htmlDivCss;\n\t\t\t\t\t}else{\n\t\t\t\t\t\tvar htmlDiv = document.createElement('div');\n\t\t\t\t\t\thtmlDiv.innerHTML = '<style>' + htmlDivCss + '<\/style>';\n\t\t\t\t\t\tdocument.getElementsByTagName('head')[0].appendChild(htmlDiv.childNodes[0]);\n\t\t\t\t\t}\n\t\t\t\t<\/script>\n\t\t\t<\/rs-module-wrap>\n\t\t\t<!-- END REVOLUTION SLIDER -->\n[vc_empty_space][\/vc_column][\/vc_row][\/vc_section]<\/p>\n","protected":false},"excerpt":{"rendered":"<p>[vc_section][vc_row][vc_column width=&#8221;1\/2&#8243;][vc_column_text] Chata s ubytovac\u00ed kapacitou cca 20 osob je po celkov\u00e9 rozs\u00e1hl\u00e9 rekonstrukci. Interi\u00e9ry jsou vybaveny n\u00e1bytkem, osv\u011btlen\u00edm a mnoha dopl\u0148ky ve stylu 40.-60.let 20.stolet\u00ed (retro-Brusel styl). Vkusn\u00e9 vybaven\u00ed vytv\u00e1\u0159\u00ed p\u0159\u00e1telskou atmosf\u00e9ru ide\u00e1ln\u00ed k pron\u00e1jmu cel\u00e9 chaty skupin\u011b pro sportovn\u00ed a spole\u010densk\u00e1 setk\u00e1n\u00ed. V p\u0159\u00edzem\u00ed chaty je samostatn\u00e9 apartm\u00e1 pro 2 &#8211; 4 osoby<\/p>\n<a href=\"https:\/\/chatapecka.cz\/index.php\/ubytovani\/\" class=\"sohohotel-more-link\">Read More<i class=\"fa fa-angle-right\"><\/i><\/a>","protected":false},"author":1,"featured_media":0,"parent":0,"menu_order":0,"comment_status":"closed","ping_status":"closed","template":"","meta":[],"_links":{"self":[{"href":"https:\/\/chatapecka.cz\/index.php\/wp-json\/wp\/v2\/pages\/14"}],"collection":[{"href":"https:\/\/chatapecka.cz\/index.php\/wp-json\/wp\/v2\/pages"}],"about":[{"href":"https:\/\/chatapecka.cz\/index.php\/wp-json\/wp\/v2\/types\/page"}],"author":[{"embeddable":true,"href":"https:\/\/chatapecka.cz\/index.php\/wp-json\/wp\/v2\/users\/1"}],"replies":[{"embeddable":true,"href":"https:\/\/chatapecka.cz\/index.php\/wp-json\/wp\/v2\/comments?post=14"}],"version-history":[{"count":7,"href":"https:\/\/chatapecka.cz\/index.php\/wp-json\/wp\/v2\/pages\/14\/revisions"}],"predecessor-version":[{"id":328,"href":"https:\/\/chatapecka.cz\/index.php\/wp-json\/wp\/v2\/pages\/14\/revisions\/328"}],"wp:attachment":[{"href":"https:\/\/chatapecka.cz\/index.php\/wp-json\/wp\/v2\/media?parent=14"}],"curies":[{"name":"wp","href":"https:\/\/api.w.org\/{rel}","templated":true}]}}